{"id":83,"date":"2021-09-10T01:04:42","date_gmt":"2021-09-10T01:04:42","guid":{"rendered":"http:\/\/casgoiania.com.br\/?page_id=83"},"modified":"2024-04-18T10:18:18","modified_gmt":"2024-04-18T13:18:18","slug":"glossarios-libras-i-adverbios","status":"publish","type":"page","link":"https:\/\/casgoiania.com.br\/index.php\/glossarios-libras-i-adverbios\/","title":{"rendered":"ADV\u00c9RBIOS"},"content":{"rendered":"\n<p>Adv\u00e9rbios de afirma\u00e7\u00e3o\/nega\u00e7\u00e3o\/d\u00favida<\/p>\n\n\n\n<figure class=\"wp-block-embed is-type-video is-provider-youtube wp-block-embed-youtube wp-embed-aspect-16-9 wp-has-aspect-ratio\"><div class=\"wp-block-embed__wrapper\">\n<iframe loading=\"lazy\" title=\"GLOSS\u00c1RIO: ADV\u00c9RBIOS DE AFIRMA\u00c7\u00c3O, NEGA\u00c7\u00c3O E D\u00daVIDA | LIBRAS I\" width=\"1230\" height=\"692\" src=\"https:\/\/www.youtube.com\/embed\/whEEPqP5zB0?feature=oembed\" frameborder=\"0\" allow=\"accelerometer; autoplay; clipboard-write; encrypted-media; gyroscope; picture-in-picture; web-share\" referrerpolicy=\"strict-origin-when-cross-origin\" allowfullscreen><\/iframe>\n<\/div><figcaption class=\"wp-element-caption\"><strong><em>Dica<\/em><\/strong><em>:&nbsp;assista direto no Youtube para ter acesso ao v\u00eddeo capitulado<\/em><\/figcaption><\/figure>\n\n\n\n<p>Adv\u00e9rbios de tempo<\/p>\n\n\n\n<figure class=\"wp-block-embed is-type-video is-provider-youtube wp-block-embed-youtube wp-embed-aspect-16-9 wp-has-aspect-ratio\"><div class=\"wp-block-embed__wrapper\">\n<iframe loading=\"lazy\" title=\"GLOSS\u00c1RIO: ADV\u00c9RBIOS DE TEMPO | LIBRAS I\" width=\"1230\" height=\"692\" src=\"https:\/\/www.youtube.com\/embed\/gkbqzbFtJpA?feature=oembed\" frameborder=\"0\" allow=\"accelerometer; autoplay; clipboard-write; encrypted-media; gyroscope; picture-in-picture; web-share\" referrerpolicy=\"strict-origin-when-cross-origin\" allowfullscreen><\/iframe>\n<\/div><figcaption class=\"wp-element-caption\"><strong><em>Dica<\/em><\/strong><em>:&nbsp;assista direto no Youtube para ter acesso ao v\u00eddeo capitulado<\/em><\/figcaption><\/figure>\n","protected":false},"excerpt":{"rendered":"<p>Adv\u00e9rbios de afirma\u00e7\u00e3o\/nega\u00e7\u00e3o\/d\u00favida Adv\u00e9rbios de tempo<\/p>\n","protected":false},"author":2,"featured_media":0,"parent":0,"menu_order":0,"comment_status":"closed","ping_status":"closed","template":"","meta":{"_mi_skip_tracking":false,"footnotes":""},"class_list":["post-83","page","type-page","status-publish","hentry"],"_links":{"self":[{"href":"https:\/\/casgoiania.com.br\/index.php\/wp-json\/wp\/v2\/pages\/83","targetHints":{"allow":["GET"]}}],"collection":[{"href":"https:\/\/casgoiania.com.br\/index.php\/wp-json\/wp\/v2\/pages"}],"about":[{"href":"https:\/\/casgoiania.com.br\/index.php\/wp-json\/wp\/v2\/types\/page"}],"author":[{"embeddable":true,"href":"https:\/\/casgoiania.com.br\/index.php\/wp-json\/wp\/v2\/users\/2"}],"replies":[{"embeddable":true,"href":"https:\/\/casgoiania.com.br\/index.php\/wp-json\/wp\/v2\/comments?post=83"}],"version-history":[{"count":7,"href":"https:\/\/casgoiania.com.br\/index.php\/wp-json\/wp\/v2\/pages\/83\/revisions"}],"predecessor-version":[{"id":2607,"href":"https:\/\/casgoiania.com.br\/index.php\/wp-json\/wp\/v2\/pages\/83\/revisions\/2607"}],"wp:attachment":[{"href":"https:\/\/casgoiania.com.br\/index.php\/wp-json\/wp\/v2\/media?parent=83"}],"curies":[{"name":"wp","href":"https:\/\/api.w.org\/{rel}","templated":true}]}}