{"id":38,"date":"2021-09-10T00:19:38","date_gmt":"2021-09-10T00:19:38","guid":{"rendered":"http:\/\/casgoiania.com.br\/?page_id=38"},"modified":"2022-11-11T09:21:20","modified_gmt":"2022-11-11T12:21:20","slug":"glossarios-libras-i","status":"publish","type":"page","link":"https:\/\/casgoiania.com.br\/index.php\/glossarios-libras-i\/","title":{"rendered":"Libras I"},"content":{"rendered":"\n<p><a href=\"http:\/\/casgoiania.com.br\/index.php\/glossarios-libras-i-alfabeto\/\" title=\"http:\/\/casgoiania.com.br\/index.php\/glossarios-libras-i-alfabeto\/\">ALFABETO<\/a><\/p>\n\n\n\n<p><a href=\"http:\/\/casgoiania.com.br\/index.php\/glossarios-libras-i-cumprimentos\/\" target=\"_blank\" rel=\"noreferrer noopener\">CUMPRIMENTOS<\/a><\/p>\n\n\n\n<p><a href=\"http:\/\/casgoiania.com.br\/index.php\/pronomes-pessoais\/\" target=\"_blank\" rel=\"noreferrer noopener\">PRONOMES PESSOAIS<\/a><\/p>\n\n\n\n<p><a href=\"http:\/\/casgoiania.com.br\/index.php\/pronomes-e-adverbios-interrogativos\/\" target=\"_blank\" rel=\"noreferrer noopener\">PRONOMES E ADV\u00c9RBIOS INTERROGATIVOS<\/a><\/p>\n\n\n\n<p><a href=\"http:\/\/casgoiania.com.br\/index.php\/pronomes-possessivos\/\" target=\"_blank\" rel=\"noreferrer noopener\">PRONOMES POSSESSIVOS<\/a><\/p>\n\n\n\n<p><a href=\"http:\/\/casgoiania.com.br\/index.php\/glossarios-libras-i-familia\/\" target=\"_blank\" rel=\"noreferrer noopener\">FAM\u00cdLIA<\/a><\/p>\n\n\n\n<p><a href=\"http:\/\/casgoiania.com.br\/index.php\/numeros\/\" target=\"_blank\" rel=\"noreferrer noopener\">N\u00daMEROS <\/a><\/p>\n\n\n\n<p><a href=\"http:\/\/casgoiania.com.br\/index.php\/adjetivos\/\" target=\"_blank\" rel=\"noreferrer noopener\">ADJETIVOS<\/a><\/p>\n\n\n\n<p><a href=\"http:\/\/casgoiania.com.br\/index.php\/glossarios-libras-i-cores\/\" target=\"_blank\" rel=\"noreferrer noopener\">CORES<\/a><\/p>\n\n\n\n<p><a href=\"http:\/\/casgoiania.com.br\/index.php\/glossarios-libras-i-adverbios\/\" target=\"_blank\" rel=\"noreferrer noopener\">ADV\u00c9RBIOS<\/a><\/p>\n\n\n\n<p><a href=\"http:\/\/casgoiania.com.br\/index.php\/glossarios-libras-i-adjetivacao-descritiva\/\" target=\"_blank\" rel=\"noreferrer noopener\">ADJETIVA\u00c7\u00c3O DESCRITIVA<\/a><\/p>\n\n\n\n<p><a href=\"http:\/\/casgoiania.com.br\/index.php\/glossarios-libras-i-materiais-escolares\/\" target=\"_blank\" rel=\"noreferrer noopener\">MATERIAIS ESCOLARES<\/a><\/p>\n\n\n\n<p><a href=\"http:\/\/casgoiania.com.br\/index.php\/valores-monetarios-2\/\" target=\"_blank\" rel=\"noreferrer noopener\">VALORES MONET\u00c1RIOS<\/a><\/p>\n\n\n\n<p><a href=\"http:\/\/casgoiania.com.br\/index.php\/soletracao-ritmica\/\" target=\"_blank\" rel=\"noreferrer noopener\">SOLETRA\u00c7\u00c3O R\u00cdTMICA<\/a><\/p>\n","protected":false},"excerpt":{"rendered":"<p>ALFABETO CUMPRIMENTOS PRONOMES PESSOAIS PRONOMES E ADV\u00c9RBIOS INTERROGATIVOS PRONOMES POSSESSIVOS FAM\u00cdLIA N\u00daMEROS ADJETIVOS CORES ADV\u00c9RBIOS ADJETIVA\u00c7\u00c3O DESCRITIVA MATERIAIS ESCOLARES VALORES MONET\u00c1RIOS SOLETRA\u00c7\u00c3O R\u00cdTMICA<\/p>\n","protected":false},"author":2,"featured_media":0,"parent":0,"menu_order":0,"comment_status":"closed","ping_status":"closed","template":"","meta":{"_mi_skip_tracking":false,"footnotes":""},"class_list":["post-38","page","type-page","status-publish","hentry"],"_links":{"self":[{"href":"https:\/\/casgoiania.com.br\/index.php\/wp-json\/wp\/v2\/pages\/38","targetHints":{"allow":["GET"]}}],"collection":[{"href":"https:\/\/casgoiania.com.br\/index.php\/wp-json\/wp\/v2\/pages"}],"about":[{"href":"https:\/\/casgoiania.com.br\/index.php\/wp-json\/wp\/v2\/types\/page"}],"author":[{"embeddable":true,"href":"https:\/\/casgoiania.com.br\/index.php\/wp-json\/wp\/v2\/users\/2"}],"replies":[{"embeddable":true,"href":"https:\/\/casgoiania.com.br\/index.php\/wp-json\/wp\/v2\/comments?post=38"}],"version-history":[{"count":8,"href":"https:\/\/casgoiania.com.br\/index.php\/wp-json\/wp\/v2\/pages\/38\/revisions"}],"predecessor-version":[{"id":1590,"href":"https:\/\/casgoiania.com.br\/index.php\/wp-json\/wp\/v2\/pages\/38\/revisions\/1590"}],"wp:attachment":[{"href":"https:\/\/casgoiania.com.br\/index.php\/wp-json\/wp\/v2\/media?parent=38"}],"curies":[{"name":"wp","href":"https:\/\/api.w.org\/{rel}","templated":true}]}}