{"id":3025,"date":"2025-08-28T14:01:52","date_gmt":"2025-08-28T17:01:52","guid":{"rendered":"https:\/\/casgoiania.com.br\/?page_id=3025"},"modified":"2025-08-29T12:27:44","modified_gmt":"2025-08-29T15:27:44","slug":"libras-vi","status":"publish","type":"page","link":"https:\/\/casgoiania.com.br\/index.php\/libras-vi\/","title":{"rendered":"Libras VI"},"content":{"rendered":"\n<p><a href=\"https:\/\/casgoiania.com.br\/index.php\/glossario-de-disciplinas-em-libras\/\" target=\"_blank\" rel=\"noreferrer noopener nofollow\">GLOSS\u00c1RIOS DE DISCIPLINAS EM LIBRAS<\/a><\/p>\n\n\n\n<p><a href=\"https:\/\/youtu.be\/hw_hCYa9QFE?si=MwL4-YjVDCyhOcPZ\" target=\"_blank\" rel=\"noreferrer noopener nofollow\">EXPRESS\u00d5ES IDIOM\u00c1TICAS EM LIBRAS<\/a><\/p>\n\n\n\n<p><a href=\"https:\/\/youtu.be\/NALY0ydCsLs\" target=\"_blank\" rel=\"noreferrer noopener nofollow\">GLOSS\u00c1RIO DE SURDOCEGUEIRA<\/a><\/p>\n\n\n\n<p><a href=\"https:\/\/youtu.be\/JEUFVi-o52I?si=bpwi9Qw3PwPuU8rw\" target=\"_blank\" rel=\"noreferrer noopener nofollow\">MET\u00c1FORA NA LIBRAS<\/a><\/p>\n\n\n\n<p><\/p>\n","protected":false},"excerpt":{"rendered":"<p>GLOSS\u00c1RIOS DE DISCIPLINAS EM LIBRAS EXPRESS\u00d5ES IDIOM\u00c1TICAS EM LIBRAS GLOSS\u00c1RIO DE SURDOCEGUEIRA MET\u00c1FORA NA LIBRAS<\/p>\n","protected":false},"author":2,"featured_media":0,"parent":0,"menu_order":0,"comment_status":"closed","ping_status":"closed","template":"","meta":{"_mi_skip_tracking":false,"footnotes":""},"class_list":["post-3025","page","type-page","status-publish","hentry"],"_links":{"self":[{"href":"https:\/\/casgoiania.com.br\/index.php\/wp-json\/wp\/v2\/pages\/3025","targetHints":{"allow":["GET"]}}],"collection":[{"href":"https:\/\/casgoiania.com.br\/index.php\/wp-json\/wp\/v2\/pages"}],"about":[{"href":"https:\/\/casgoiania.com.br\/index.php\/wp-json\/wp\/v2\/types\/page"}],"author":[{"embeddable":true,"href":"https:\/\/casgoiania.com.br\/index.php\/wp-json\/wp\/v2\/users\/2"}],"replies":[{"embeddable":true,"href":"https:\/\/casgoiania.com.br\/index.php\/wp-json\/wp\/v2\/comments?post=3025"}],"version-history":[{"count":8,"href":"https:\/\/casgoiania.com.br\/index.php\/wp-json\/wp\/v2\/pages\/3025\/revisions"}],"predecessor-version":[{"id":3044,"href":"https:\/\/casgoiania.com.br\/index.php\/wp-json\/wp\/v2\/pages\/3025\/revisions\/3044"}],"wp:attachment":[{"href":"https:\/\/casgoiania.com.br\/index.php\/wp-json\/wp\/v2\/media?parent=3025"}],"curies":[{"name":"wp","href":"https:\/\/api.w.org\/{rel}","templated":true}]}}