{"id":255,"date":"2021-09-10T02:20:29","date_gmt":"2021-09-10T02:20:29","guid":{"rendered":"http:\/\/casgoiania.com.br\/?page_id=255"},"modified":"2023-06-26T08:59:09","modified_gmt":"2023-06-26T11:59:09","slug":"docs","status":"publish","type":"page","link":"https:\/\/casgoiania.com.br\/index.php\/docs\/","title":{"rendered":"DOCUMENTOS"},"content":{"rendered":"\n<figure class=\"wp-block-embed is-type-video is-provider-youtube wp-block-embed-youtube wp-embed-aspect-16-9 wp-has-aspect-ratio\"><div class=\"wp-block-embed__wrapper\">\n<iframe loading=\"lazy\" title=\"DOCUMENTOS\" width=\"1230\" height=\"692\" src=\"https:\/\/www.youtube.com\/embed\/dov8Bl0cv74?feature=oembed\" frameborder=\"0\" allow=\"accelerometer; autoplay; clipboard-write; encrypted-media; gyroscope; picture-in-picture; web-share\" allowfullscreen><\/iframe>\n<\/div><figcaption class=\"wp-element-caption\"><strong><em>Dica<\/em><\/strong><em>:\u00a0assista direto no Youtube para ter acesso ao v\u00eddeo capitulado<\/em>. N\u00e3o se esque\u00e7a de ativar as legendas do v\u00eddeo.<\/figcaption><\/figure>\n","protected":false},"excerpt":{"rendered":"","protected":false},"author":2,"featured_media":0,"parent":0,"menu_order":0,"comment_status":"closed","ping_status":"closed","template":"","meta":{"_mi_skip_tracking":false,"footnotes":""},"class_list":["post-255","page","type-page","status-publish","hentry"],"_links":{"self":[{"href":"https:\/\/casgoiania.com.br\/index.php\/wp-json\/wp\/v2\/pages\/255","targetHints":{"allow":["GET"]}}],"collection":[{"href":"https:\/\/casgoiania.com.br\/index.php\/wp-json\/wp\/v2\/pages"}],"about":[{"href":"https:\/\/casgoiania.com.br\/index.php\/wp-json\/wp\/v2\/types\/page"}],"author":[{"embeddable":true,"href":"https:\/\/casgoiania.com.br\/index.php\/wp-json\/wp\/v2\/users\/2"}],"replies":[{"embeddable":true,"href":"https:\/\/casgoiania.com.br\/index.php\/wp-json\/wp\/v2\/comments?post=255"}],"version-history":[{"count":2,"href":"https:\/\/casgoiania.com.br\/index.php\/wp-json\/wp\/v2\/pages\/255\/revisions"}],"predecessor-version":[{"id":2165,"href":"https:\/\/casgoiania.com.br\/index.php\/wp-json\/wp\/v2\/pages\/255\/revisions\/2165"}],"wp:attachment":[{"href":"https:\/\/casgoiania.com.br\/index.php\/wp-json\/wp\/v2\/media?parent=255"}],"curies":[{"name":"wp","href":"https:\/\/api.w.org\/{rel}","templated":true}]}}