{"id":243,"date":"2021-09-10T02:18:23","date_gmt":"2021-09-10T02:18:23","guid":{"rendered":"http:\/\/casgoiania.com.br\/?page_id=243"},"modified":"2023-03-16T11:20:55","modified_gmt":"2023-03-16T14:20:55","slug":"ists-infeccoes-sexualmente-transmissiveis","status":"publish","type":"page","link":"https:\/\/casgoiania.com.br\/index.php\/ists-infeccoes-sexualmente-transmissiveis\/","title":{"rendered":"IST&#8217;s \u2013 INFEC\u00c7\u00d5ES SEXUALMENTE TRANSMISS\u00cdVEIS"},"content":{"rendered":"\n<figure class=\"wp-block-embed is-type-video is-provider-youtube wp-block-embed-youtube wp-embed-aspect-16-9 wp-has-aspect-ratio\"><div class=\"wp-block-embed__wrapper\">\n<iframe loading=\"lazy\" title=\"Gloss\u00e1rio IST&#039;S (Infec\u00e7\u00f5es Sexualmente Transmiss\u00edveis) - LIBRAS V\" width=\"1230\" height=\"692\" src=\"https:\/\/www.youtube.com\/embed\/iDzfqGeK8gg?feature=oembed\" frameborder=\"0\" allow=\"accelerometer; autoplay; clipboard-write; encrypted-media; gyroscope; picture-in-picture; web-share\" allowfullscreen><\/iframe>\n<\/div><figcaption class=\"wp-element-caption\"><strong>Dica: <\/strong><em>Assista o v\u00eddeo diretamente no Youtube para ter acesso ao v\u00eddeo capitulado.<\/em><\/figcaption><\/figure>\n","protected":false},"excerpt":{"rendered":"","protected":false},"author":2,"featured_media":0,"parent":0,"menu_order":0,"comment_status":"closed","ping_status":"closed","template":"","meta":{"_mi_skip_tracking":false,"footnotes":""},"class_list":["post-243","page","type-page","status-publish","hentry"],"_links":{"self":[{"href":"https:\/\/casgoiania.com.br\/index.php\/wp-json\/wp\/v2\/pages\/243","targetHints":{"allow":["GET"]}}],"collection":[{"href":"https:\/\/casgoiania.com.br\/index.php\/wp-json\/wp\/v2\/pages"}],"about":[{"href":"https:\/\/casgoiania.com.br\/index.php\/wp-json\/wp\/v2\/types\/page"}],"author":[{"embeddable":true,"href":"https:\/\/casgoiania.com.br\/index.php\/wp-json\/wp\/v2\/users\/2"}],"replies":[{"embeddable":true,"href":"https:\/\/casgoiania.com.br\/index.php\/wp-json\/wp\/v2\/comments?post=243"}],"version-history":[{"count":8,"href":"https:\/\/casgoiania.com.br\/index.php\/wp-json\/wp\/v2\/pages\/243\/revisions"}],"predecessor-version":[{"id":2077,"href":"https:\/\/casgoiania.com.br\/index.php\/wp-json\/wp\/v2\/pages\/243\/revisions\/2077"}],"wp:attachment":[{"href":"https:\/\/casgoiania.com.br\/index.php\/wp-json\/wp\/v2\/media?parent=243"}],"curies":[{"name":"wp","href":"https:\/\/api.w.org\/{rel}","templated":true}]}}