{"id":212,"date":"2021-09-10T01:59:11","date_gmt":"2021-09-10T01:59:11","guid":{"rendered":"http:\/\/casgoiania.com.br\/?page_id=212"},"modified":"2022-11-17T10:00:31","modified_gmt":"2022-11-17T13:00:31","slug":"hora-cronologica-e-hora-duracao","status":"publish","type":"page","link":"https:\/\/casgoiania.com.br\/index.php\/hora-cronologica-e-hora-duracao\/","title":{"rendered":"HORA (CRONOL\u00d3GICA E DURA\u00c7\u00c3O)"},"content":{"rendered":"\n<figure class=\"wp-block-embed is-type-video is-provider-youtube wp-block-embed-youtube wp-embed-aspect-16-9 wp-has-aspect-ratio\"><div class=\"wp-block-embed__wrapper\">\n<iframe loading=\"lazy\" title=\"Hora (Dura\u00e7\u00e3o e Cronol\u00f3gica)\" width=\"1230\" height=\"692\" src=\"https:\/\/www.youtube.com\/embed\/OcIZgEAcwpo?feature=oembed\" frameborder=\"0\" allow=\"accelerometer; autoplay; clipboard-write; encrypted-media; gyroscope; picture-in-picture\" allowfullscreen><\/iframe>\n<\/div><figcaption class=\"wp-element-caption\"><strong><em>Dica<\/em><\/strong><em>:\u00a0assista direto no Youtube para ter acesso ao v\u00eddeo capitulado<\/em><\/figcaption><\/figure>\n","protected":false},"excerpt":{"rendered":"","protected":false},"author":2,"featured_media":0,"parent":0,"menu_order":0,"comment_status":"closed","ping_status":"closed","template":"","meta":{"_mi_skip_tracking":false,"footnotes":""},"class_list":["post-212","page","type-page","status-publish","hentry"],"_links":{"self":[{"href":"https:\/\/casgoiania.com.br\/index.php\/wp-json\/wp\/v2\/pages\/212","targetHints":{"allow":["GET"]}}],"collection":[{"href":"https:\/\/casgoiania.com.br\/index.php\/wp-json\/wp\/v2\/pages"}],"about":[{"href":"https:\/\/casgoiania.com.br\/index.php\/wp-json\/wp\/v2\/types\/page"}],"author":[{"embeddable":true,"href":"https:\/\/casgoiania.com.br\/index.php\/wp-json\/wp\/v2\/users\/2"}],"replies":[{"embeddable":true,"href":"https:\/\/casgoiania.com.br\/index.php\/wp-json\/wp\/v2\/comments?post=212"}],"version-history":[{"count":2,"href":"https:\/\/casgoiania.com.br\/index.php\/wp-json\/wp\/v2\/pages\/212\/revisions"}],"predecessor-version":[{"id":1599,"href":"https:\/\/casgoiania.com.br\/index.php\/wp-json\/wp\/v2\/pages\/212\/revisions\/1599"}],"wp:attachment":[{"href":"https:\/\/casgoiania.com.br\/index.php\/wp-json\/wp\/v2\/media?parent=212"}],"curies":[{"name":"wp","href":"https:\/\/api.w.org\/{rel}","templated":true}]}}