{"id":1722,"date":"2023-01-18T14:30:34","date_gmt":"2023-01-18T17:30:34","guid":{"rendered":"http:\/\/casgoiania.com.br\/?page_id=1722"},"modified":"2026-01-06T15:59:28","modified_gmt":"2026-01-06T18:59:28","slug":"matriculas","status":"publish","type":"page","link":"https:\/\/casgoiania.com.br\/index.php\/matriculas\/","title":{"rendered":"MATR\u00cdCULAS"},"content":{"rendered":"\n<p><a href=\"https:\/\/casgoiania.com.br\/index.php\/matriculas\/\">Ver p\u00e1gina<\/a><\/p>\n\n\n\n<p><a href=\"https:\/\/forms.gle\/2QwrkCfANJfFwpWa8\" target=\"_blank\" rel=\"noreferrer noopener\">ENSINO BIL\u00cdNGUE (antigo AEE)<\/a><\/p>\n\n\n\n<p><a href=\"https:\/\/forms.gle\/B7mVhXv6K67YRQtF7\" target=\"_blank\" rel=\"noreferrer noopener\">PORTUGU\u00caS PARA SURDOS<\/a><\/p>\n\n\n\n<p><a href=\"https:\/\/forms.gle\/1sgdPXz9AKqwKQYX6\" target=\"_blank\" rel=\"noreferrer noopener\">LIBRAS PARA DIFICENTES AUDITIVOS (D.A)<\/a><\/p>\n\n\n\n<p><a href=\"https:\/\/forms.gle\/yabyERWhVRKhWVBQ7\" target=\"_blank\" rel=\"noreferrer noopener\">ESTUDANTES SURDOCEGOS\/D.M. SENSORIAL<\/a><\/p>\n\n\n\n<p><a href=\"https:\/\/forms.gle\/iQneQTG722TZGxNo8\" target=\"_blank\" rel=\"noreferrer noopener\">LIBRAS KIDS (Ouvintes de 6 a 12 anos)<\/a><\/p>\n\n\n\n<p><a href=\"https:\/\/forms.gle\/WdCTKxTMNNACu1fw6\" target=\"_blank\" rel=\"noreferrer noopener\">LIBRAS TEENS (Ouvintes de 13 a 17 anos)<\/a><\/p>\n\n\n\n<p><a href=\"https:\/\/forms.gle\/AthK7JSmrK89Y3c1A\" target=\"_blank\" rel=\"noreferrer noopener\">ATENDIMENTO A FAMILIARES<\/a><\/p>\n\n\n\n<p><\/p>\n","protected":false},"excerpt":{"rendered":"<p>Ver p\u00e1gina ENSINO BIL\u00cdNGUE (antigo AEE) PORTUGU\u00caS PARA SURDOS LIBRAS PARA DIFICENTES AUDITIVOS (D.A) ESTUDANTES SURDOCEGOS\/D.M. SENSORIAL LIBRAS KIDS (Ouvintes de 6 a 12 anos) LIBRAS TEENS (Ouvintes de 13&hellip;<a href=\"https:\/\/casgoiania.com.br\/index.php\/matriculas\/\" class=\"more-link\"><span class=\"more-button\">Clique para ler mais<span class=\"screen-reader-text\">MATR\u00cdCULAS<\/span><\/span><\/a><\/p>\n","protected":false},"author":2,"featured_media":0,"parent":0,"menu_order":0,"comment_status":"closed","ping_status":"closed","template":"","meta":{"_mi_skip_tracking":false,"footnotes":""},"class_list":["post-1722","page","type-page","status-publish","hentry"],"_links":{"self":[{"href":"https:\/\/casgoiania.com.br\/index.php\/wp-json\/wp\/v2\/pages\/1722","targetHints":{"allow":["GET"]}}],"collection":[{"href":"https:\/\/casgoiania.com.br\/index.php\/wp-json\/wp\/v2\/pages"}],"about":[{"href":"https:\/\/casgoiania.com.br\/index.php\/wp-json\/wp\/v2\/types\/page"}],"author":[{"embeddable":true,"href":"https:\/\/casgoiania.com.br\/index.php\/wp-json\/wp\/v2\/users\/2"}],"replies":[{"embeddable":true,"href":"https:\/\/casgoiania.com.br\/index.php\/wp-json\/wp\/v2\/comments?post=1722"}],"version-history":[{"count":26,"href":"https:\/\/casgoiania.com.br\/index.php\/wp-json\/wp\/v2\/pages\/1722\/revisions"}],"predecessor-version":[{"id":3140,"href":"https:\/\/casgoiania.com.br\/index.php\/wp-json\/wp\/v2\/pages\/1722\/revisions\/3140"}],"wp:attachment":[{"href":"https:\/\/casgoiania.com.br\/index.php\/wp-json\/wp\/v2\/media?parent=1722"}],"curies":[{"name":"wp","href":"https:\/\/api.w.org\/{rel}","templated":true}]}}