{"id":1711,"date":"2023-01-17T16:27:26","date_gmt":"2023-01-17T19:27:26","guid":{"rendered":"http:\/\/casgoiania.com.br\/?page_id=1711"},"modified":"2024-12-25T12:43:17","modified_gmt":"2024-12-25T15:43:17","slug":"curso-de-libras-modulos-i-a-v","status":"publish","type":"page","link":"https:\/\/casgoiania.com.br\/index.php\/curso-de-libras-modulos-i-a-v\/","title":{"rendered":"<strong>Curso de L\u00edngua Brasileira de Sinais &#8211; Libras<\/strong>"},"content":{"rendered":"\n<p class=\"has-black-color has-text-color\"><strong>O QUE \u00c9?<\/strong><\/p>\n\n\n\n<p>O Curso de L\u00edngua Brasileira de Sinais &#8211; Libras \u00e9 um curso que tem como objetivo principal proporcionar a comunica\u00e7\u00e3o e o aprendizado da L\u00edngua utilizada pela comunidade surda brasileira, entre pessoas surdas e n\u00e3o surdas.<\/p>\n\n\n\n<p class=\"has-black-color has-text-color\"><strong>COMO FUNCIONA O CURSO?<\/strong><\/p>\n\n\n\n<p>O Curso de L\u00edngua Brasileira de Sinais &#8211; Libras \u00e9 totalmente gratuito, em formato semestral, em seis m\u00f3dulos, perfazendo um total de 3 anos. Devido \u00e0 grande procura, \u00e9 aberto um Processo Seletivo para preenchimento das vagas dispon\u00edveis para o primeiro m\u00f3dulo atrav\u00e9s de Edital publicado em nosso site <a href=\"http:\/\/www.casgoiania.com.br\">www.casgoiania.com.br<\/a>, tendo como refer\u00eancia de publica\u00e7\u00e3o os meses de abril e outubro de cada ano para o semestre subsequente.\u00a0<\/p>\n\n\n\n<p>Nesse sentido \u00e9 importante ressaltar que o ingresso nos m\u00f3dulos II, III, IV, V e VI do curso de L\u00edngua Brasileira de Sinais &#8211; Libras ser\u00e1 de maneira cont\u00ednua e subsequente, mediante a aprova\u00e7\u00e3o no m\u00f3dulo anterior ou atrav\u00e9s de Teste de Nivelamento, no caso de cursistas oriundos de outras institui\u00e7\u00f5es de cursos de Libras ou em conformidade com os requisitos expressos no edital publicado do teste.<\/p>\n\n\n\n<p>O curso pode ser realizado na modalidade presencial ou <em>on-line<\/em> (<strong>EXCLUSIVAMENTE <\/strong>para candidatos que residem a mais de 60 km de Goi\u00e2nia), sendo uma vez por semana, com aulas de dura\u00e7\u00e3o de 3 horas, podendo ser no matutino, vespertino ou noturno. Os hor\u00e1rios fixados s\u00e3o: matutino, <strong><em>das 7h30 at\u00e9 as 10h45<\/em><\/strong>; vespertino, <strong><em>das 13h15 at\u00e9 as 16h30<\/em><\/strong>; noturno, <strong><em>das 19h00 at\u00e9 as 22h00.\u00a0<\/em><\/strong><\/p>\n\n\n\n<p class=\"has-black-color has-text-color\"><strong>QUEM PODE UTILIZAR ESSE SERVI\u00c7O?<\/strong><\/p>\n\n\n\n<p>Professores, profissionais da educa\u00e7\u00e3o em forma\u00e7\u00e3o ou em atua\u00e7\u00e3o na rede p\u00fablica de ensino, familiares de pessoas com surdez e comunidade em geral. Para participar do Processo Seletivo o (a) candidato (a) dever\u00e1 ter 18 anos ou mais e, no m\u00ednimo, Ensino M\u00e9dio completo, e tenha interesse em aprender a L\u00edngua Brasileira de Sinais \u2013 Libras.<\/p>\n\n\n\n<p class=\"has-vivid-cyan-blue-color has-text-color\"><strong>Para mais informa\u00e7\u00f5es:<\/strong><\/p>\n\n\n\n<p>Acompanhe no nosso site <a href=\"http:\/\/www.casgoiania.com.br\">www.casgoiania.com.br<\/a> a postagem do Edital semestral com o regulamento para participar do curso de L\u00edngua Brasileira de Sinais &#8211; Libras, m\u00f3dulo I. Esse servi\u00e7o \u00e9 gratuito para o cidad\u00e3o.<\/p>\n\n\n\n<p>Para mais informa\u00e7\u00f5es ou d\u00favidas sobre esse servi\u00e7o, entre em contato:<\/p>\n\n\n\n<p><em>WhatsApp<\/em>: (62) 981229951 ou e-mail: <a href=\"mailto:casgoiania@seduc.go.gov.br\">casgoiania@seduc.go.gov.br<\/a><\/p>\n\n\n\n<p class=\"has-vivid-cyan-blue-color has-text-color\"><strong>Acompanhe nossas redes sociais:<\/strong><\/p>\n\n\n\n<p>Siga-nos no Instagram: <a href=\"https:\/\/www.instagram.com\/nas.goiania\/\">https:\/\/www.instagram.com\/nas.goiania<\/a><\/p>\n\n\n\n<p>Se inscreva em nosso canal no Youtube: <a href=\"https:\/\/www.youtube.com\/@nas.goiania\">https:\/\/www.youtube.com\/@nas.goiania<\/a><\/p>\n\n\n\n<p>Este \u00e9 um servi\u00e7o do(a) <a href=\"http:\/\/casgoiania.com.br\/\">N\u00daCLEO DE CAPACITA\u00c7\u00c3O DE PROFISSIONAIS DA EDUCA\u00c7\u00c3O E DE ATENDIMENTO \u00c0S PESSOAS COM SURDEZ &#8211; CAS\/Goi\u00e2nia<\/a>.<\/p>\n","protected":false},"excerpt":{"rendered":"<p>O QUE \u00c9? O Curso de L\u00edngua Brasileira de Sinais &#8211; Libras \u00e9 um curso que tem como objetivo principal proporcionar a comunica\u00e7\u00e3o e o aprendizado da L\u00edngua utilizada pela&hellip;<a href=\"https:\/\/casgoiania.com.br\/index.php\/curso-de-libras-modulos-i-a-v\/\" class=\"more-link\"><span class=\"more-button\">Clique para ler mais<span class=\"screen-reader-text\">&lt;strong&gt;Curso de L\u00edngua Brasileira de Sinais &#8211; Libras&lt;\/strong&gt;<\/span><\/span><\/a><\/p>\n","protected":false},"author":2,"featured_media":0,"parent":0,"menu_order":0,"comment_status":"closed","ping_status":"closed","template":"","meta":{"_mi_skip_tracking":false,"footnotes":""},"class_list":["post-1711","page","type-page","status-publish","hentry"],"_links":{"self":[{"href":"https:\/\/casgoiania.com.br\/index.php\/wp-json\/wp\/v2\/pages\/1711","targetHints":{"allow":["GET"]}}],"collection":[{"href":"https:\/\/casgoiania.com.br\/index.php\/wp-json\/wp\/v2\/pages"}],"about":[{"href":"https:\/\/casgoiania.com.br\/index.php\/wp-json\/wp\/v2\/types\/page"}],"author":[{"embeddable":true,"href":"https:\/\/casgoiania.com.br\/index.php\/wp-json\/wp\/v2\/users\/2"}],"replies":[{"embeddable":true,"href":"https:\/\/casgoiania.com.br\/index.php\/wp-json\/wp\/v2\/comments?post=1711"}],"version-history":[{"count":17,"href":"https:\/\/casgoiania.com.br\/index.php\/wp-json\/wp\/v2\/pages\/1711\/revisions"}],"predecessor-version":[{"id":2843,"href":"https:\/\/casgoiania.com.br\/index.php\/wp-json\/wp\/v2\/pages\/1711\/revisions\/2843"}],"wp:attachment":[{"href":"https:\/\/casgoiania.com.br\/index.php\/wp-json\/wp\/v2\/media?parent=1711"}],"curies":[{"name":"wp","href":"https:\/\/api.w.org\/{rel}","templated":true}]}}