{"id":168,"date":"2021-09-10T01:34:01","date_gmt":"2021-09-10T01:34:01","guid":{"rendered":"http:\/\/casgoiania.com.br\/?page_id=168"},"modified":"2025-05-19T21:18:35","modified_gmt":"2025-05-20T00:18:35","slug":"locais-de-goiania","status":"publish","type":"page","link":"https:\/\/casgoiania.com.br\/index.php\/locais-de-goiania\/","title":{"rendered":"LOCAIS DE GOI\u00c2NIA"},"content":{"rendered":"\n<p>Terminais de Goi\u00e2nia<\/p>\n\n\n\n<figure class=\"wp-block-embed is-type-video is-provider-youtube wp-block-embed-youtube wp-embed-aspect-16-9 wp-has-aspect-ratio\"><div class=\"wp-block-embed__wrapper\">\n<iframe loading=\"lazy\" title=\"Terminais de Goi\u00e2nia\" width=\"1230\" height=\"692\" src=\"https:\/\/www.youtube.com\/embed\/-5Wl9IuW3MY?feature=oembed\" frameborder=\"0\" allow=\"accelerometer; autoplay; clipboard-write; encrypted-media; gyroscope; picture-in-picture; web-share\" allowfullscreen><\/iframe>\n<\/div><figcaption class=\"wp-element-caption\"><strong><em>Dica<\/em><\/strong><em>:&nbsp;assista direto no Youtube para ter acesso ao v\u00eddeo capitulado<\/em><\/figcaption><\/figure>\n\n\n\n<p><\/p>\n\n\n\n<p>Shoppings de Goi\u00e2nia<\/p>\n\n\n\n<figure class=\"wp-block-embed is-type-video is-provider-youtube wp-block-embed-youtube wp-embed-aspect-16-9 wp-has-aspect-ratio\"><div class=\"wp-block-embed__wrapper\">\n<iframe loading=\"lazy\" title=\"Shoppings de Goi\u00e2nia\" width=\"1230\" height=\"692\" src=\"https:\/\/www.youtube.com\/embed\/96nWcg7tquw?feature=oembed\" frameborder=\"0\" allow=\"accelerometer; autoplay; clipboard-write; encrypted-media; gyroscope; picture-in-picture; web-share\" referrerpolicy=\"strict-origin-when-cross-origin\" allowfullscreen><\/iframe>\n<\/div><figcaption class=\"wp-element-caption\"><strong><em>Dica<\/em><\/strong><em>:&nbsp;assista direto no Youtube para ter acesso ao v\u00eddeo capitulado<\/em><\/figcaption><\/figure>\n\n\n\n<p><\/p>\n\n\n\n<p>Feiras livres em Goi\u00e2nia<\/p>\n\n\n\n<figure class=\"wp-block-embed is-type-video is-provider-youtube wp-block-embed-youtube wp-embed-aspect-16-9 wp-has-aspect-ratio\"><div class=\"wp-block-embed__wrapper\">\n<iframe loading=\"lazy\" title=\"Feiras livres em Goi\u00e2nia\" width=\"1230\" height=\"692\" src=\"https:\/\/www.youtube.com\/embed\/Rld1fyWGSng?feature=oembed\" frameborder=\"0\" allow=\"accelerometer; autoplay; clipboard-write; encrypted-media; gyroscope; picture-in-picture; web-share\" allowfullscreen><\/iframe>\n<\/div><figcaption class=\"wp-element-caption\"><strong><em>Dica<\/em><\/strong><em>:&nbsp;assista direto no Youtube para ter acesso ao v\u00eddeo capitulado<\/em><\/figcaption><\/figure>\n\n\n\n<p><\/p>\n\n\n\n<p>Supermercados de Goi\u00e2nia<\/p>\n\n\n\n<figure class=\"wp-block-embed is-type-video is-provider-youtube wp-block-embed-youtube wp-embed-aspect-16-9 wp-has-aspect-ratio\"><div class=\"wp-block-embed__wrapper\">\n<iframe loading=\"lazy\" title=\"Supermercados de Goi\u00e2nia\" width=\"1230\" height=\"692\" src=\"https:\/\/www.youtube.com\/embed\/8xjDE1_n6XE?feature=oembed\" frameborder=\"0\" allow=\"accelerometer; autoplay; clipboard-write; encrypted-media; gyroscope; picture-in-picture; web-share\" allowfullscreen><\/iframe>\n<\/div><figcaption class=\"wp-element-caption\"><strong><em>Dica<\/em><\/strong><em>:&nbsp;assista direto no Youtube para ter acesso ao v\u00eddeo capitulado<\/em><\/figcaption><\/figure>\n\n\n\n<p><\/p>\n\n\n\n<p>Clubes de Goi\u00e2nia<\/p>\n\n\n\n<figure class=\"wp-block-embed is-type-video is-provider-youtube wp-block-embed-youtube wp-embed-aspect-16-9 wp-has-aspect-ratio\"><div class=\"wp-block-embed__wrapper\">\n<iframe loading=\"lazy\" title=\"Clubes de Goi\u00e2nia\" width=\"1230\" height=\"692\" src=\"https:\/\/www.youtube.com\/embed\/2x3_k6MmLxE?feature=oembed\" frameborder=\"0\" allow=\"accelerometer; autoplay; clipboard-write; encrypted-media; gyroscope; picture-in-picture; web-share\" allowfullscreen><\/iframe>\n<\/div><figcaption class=\"wp-element-caption\"><strong><em>Dica<\/em><\/strong><em>:&nbsp;assista direto no Youtube para ter acesso ao v\u00eddeo capitulado<\/em><\/figcaption><\/figure>\n\n\n\n<p><\/p>\n\n\n\n<p>Parques de Goi\u00e2nia<\/p>\n\n\n\n<figure class=\"wp-block-embed is-type-video is-provider-youtube wp-block-embed-youtube wp-embed-aspect-16-9 wp-has-aspect-ratio\"><div class=\"wp-block-embed__wrapper\">\n<iframe loading=\"lazy\" title=\"Parques de Goi\u00e2nia\" width=\"1230\" height=\"692\" src=\"https:\/\/www.youtube.com\/embed\/bk-sNBzSg2I?feature=oembed\" frameborder=\"0\" allow=\"accelerometer; autoplay; clipboard-write; encrypted-media; gyroscope; picture-in-picture; web-share\" allowfullscreen><\/iframe>\n<\/div><figcaption class=\"wp-element-caption\"><strong><em>Dica<\/em><\/strong><em>:&nbsp;assista direto no Youtube para ter acesso ao v\u00eddeo capitulado<\/em><\/figcaption><\/figure>\n\n\n\n<p>Institui\u00e7\u00f5es de ensino superior em Goi\u00e2nia<\/p>\n\n\n\n<figure class=\"wp-block-embed is-type-video is-provider-youtube wp-block-embed-youtube wp-embed-aspect-16-9 wp-has-aspect-ratio\"><div class=\"wp-block-embed__wrapper\">\n<iframe loading=\"lazy\" title=\"Institui\u00e7\u00f5es de ensino superior em Goi\u00e2nia\" width=\"1230\" height=\"692\" src=\"https:\/\/www.youtube.com\/embed\/nbepJdK1EGw?feature=oembed\" frameborder=\"0\" allow=\"accelerometer; autoplay; clipboard-write; encrypted-media; gyroscope; picture-in-picture; web-share\" allowfullscreen><\/iframe>\n<\/div><figcaption class=\"wp-element-caption\"><strong><em>Dica<\/em><\/strong><em>:&nbsp;assista direto no Youtube para ter acesso ao v\u00eddeo capitulado<\/em><\/figcaption><\/figure>\n\n\n\n<p><\/p>\n\n\n\n<p>Setores (bairros) de Goi\u00e2nia<\/p>\n\n\n\n<figure class=\"wp-block-embed is-type-video is-provider-youtube wp-block-embed-youtube wp-embed-aspect-16-9 wp-has-aspect-ratio\"><div class=\"wp-block-embed__wrapper\">\n<iframe loading=\"lazy\" title=\"Setores (bairros) de Goi\u00e2nia\" width=\"1230\" height=\"692\" src=\"https:\/\/www.youtube.com\/embed\/tEf5K685umY?feature=oembed\" frameborder=\"0\" allow=\"accelerometer; autoplay; clipboard-write; encrypted-media; gyroscope; picture-in-picture; web-share\" allowfullscreen><\/iframe>\n<\/div><figcaption class=\"wp-element-caption\"><strong><em>Dica<\/em><\/strong><em>:&nbsp;assista direto no Youtube para ter acesso ao v\u00eddeo capitulado<\/em><\/figcaption><\/figure>\n\n\n\n<p><\/p>\n\n\n\n<p>Times de futebol de Goi\u00e1s<\/p>\n\n\n\n<figure class=\"wp-block-embed is-type-video is-provider-youtube wp-block-embed-youtube wp-embed-aspect-16-9 wp-has-aspect-ratio\"><div class=\"wp-block-embed__wrapper\">\n<iframe loading=\"lazy\" title=\"Times de futebol de Goi\u00e1s\" width=\"1230\" height=\"692\" src=\"https:\/\/www.youtube.com\/embed\/uFTgaDfXrqM?feature=oembed\" frameborder=\"0\" allow=\"accelerometer; autoplay; clipboard-write; encrypted-media; gyroscope; picture-in-picture; web-share\" allowfullscreen><\/iframe>\n<\/div><figcaption class=\"wp-element-caption\"><strong><em>Dica<\/em><\/strong><em>:&nbsp;assista direto no Youtube para ter acesso ao v\u00eddeo capitulado<\/em><\/figcaption><\/figure>\n","protected":false},"excerpt":{"rendered":"<p>Terminais de Goi\u00e2nia Shoppings de Goi\u00e2nia Feiras livres em Goi\u00e2nia Supermercados de Goi\u00e2nia Clubes de Goi\u00e2nia Parques de Goi\u00e2nia Institui\u00e7\u00f5es de ensino superior em Goi\u00e2nia Setores (bairros) de Goi\u00e2nia Times&hellip;<a href=\"https:\/\/casgoiania.com.br\/index.php\/locais-de-goiania\/\" class=\"more-link\"><span class=\"more-button\">Clique para ler mais<span class=\"screen-reader-text\">LOCAIS DE GOI\u00c2NIA<\/span><\/span><\/a><\/p>\n","protected":false},"author":2,"featured_media":0,"parent":0,"menu_order":0,"comment_status":"closed","ping_status":"closed","template":"","meta":{"_mi_skip_tracking":false,"footnotes":""},"class_list":["post-168","page","type-page","status-publish","hentry"],"_links":{"self":[{"href":"https:\/\/casgoiania.com.br\/index.php\/wp-json\/wp\/v2\/pages\/168","targetHints":{"allow":["GET"]}}],"collection":[{"href":"https:\/\/casgoiania.com.br\/index.php\/wp-json\/wp\/v2\/pages"}],"about":[{"href":"https:\/\/casgoiania.com.br\/index.php\/wp-json\/wp\/v2\/types\/page"}],"author":[{"embeddable":true,"href":"https:\/\/casgoiania.com.br\/index.php\/wp-json\/wp\/v2\/users\/2"}],"replies":[{"embeddable":true,"href":"https:\/\/casgoiania.com.br\/index.php\/wp-json\/wp\/v2\/comments?post=168"}],"version-history":[{"count":4,"href":"https:\/\/casgoiania.com.br\/index.php\/wp-json\/wp\/v2\/pages\/168\/revisions"}],"predecessor-version":[{"id":2924,"href":"https:\/\/casgoiania.com.br\/index.php\/wp-json\/wp\/v2\/pages\/168\/revisions\/2924"}],"wp:attachment":[{"href":"https:\/\/casgoiania.com.br\/index.php\/wp-json\/wp\/v2\/media?parent=168"}],"curies":[{"name":"wp","href":"https:\/\/api.w.org\/{rel}","templated":true}]}}