{"id":1635,"date":"2022-11-25T09:55:01","date_gmt":"2022-11-25T12:55:01","guid":{"rendered":"http:\/\/casgoiania.com.br\/?page_id=1635"},"modified":"2023-03-02T13:13:45","modified_gmt":"2023-03-02T16:13:45","slug":"tipos-de-verbos-na-libras","status":"publish","type":"page","link":"https:\/\/casgoiania.com.br\/index.php\/tipos-de-verbos-na-libras\/","title":{"rendered":"TIPOS DE VERBOS NA LIBRAS"},"content":{"rendered":"\n<p>Verbos com concord\u00e2ncia de g\u00eanero<\/p>\n\n\n\n<figure class=\"wp-block-embed is-type-video is-provider-youtube wp-block-embed-youtube wp-embed-aspect-16-9 wp-has-aspect-ratio\"><div class=\"wp-block-embed__wrapper\">\n<iframe loading=\"lazy\" title=\"Verbos que possuem concord\u00e2ncia de g\u00eanero na Libras\" width=\"1230\" height=\"692\" src=\"https:\/\/www.youtube.com\/embed\/sbMtdKyTX5s?feature=oembed\" frameborder=\"0\" allow=\"accelerometer; autoplay; clipboard-write; encrypted-media; gyroscope; picture-in-picture; web-share\" allowfullscreen><\/iframe>\n<\/div><figcaption class=\"wp-element-caption\"><strong><em>Dica<\/em><\/strong><em>:\u00a0assista direto no Youtube para ter acesso ao v\u00eddeo capitulado<\/em><\/figcaption><\/figure>\n\n\n\n<p>Verbos com concord\u00e2ncia de localiza\u00e7\u00e3o<\/p>\n\n\n\n<figure class=\"wp-block-embed is-type-video is-provider-youtube wp-block-embed-youtube wp-embed-aspect-16-9 wp-has-aspect-ratio\"><div class=\"wp-block-embed__wrapper\">\n<iframe loading=\"lazy\" title=\"Verbos que possuem concord\u00e2ncia de localiza\u00e7\u00e3o na Libras\" width=\"1230\" height=\"692\" src=\"https:\/\/www.youtube.com\/embed\/662pv4KchBM?feature=oembed\" frameborder=\"0\" allow=\"accelerometer; autoplay; clipboard-write; encrypted-media; gyroscope; picture-in-picture; web-share\" allowfullscreen><\/iframe>\n<\/div><figcaption class=\"wp-element-caption\"><strong><em>Dica<\/em><\/strong><em>:\u00a0assista direto no Youtube para ter acesso ao v\u00eddeo capitulado<\/em><\/figcaption><\/figure>\n","protected":false},"excerpt":{"rendered":"<p>Verbos com concord\u00e2ncia de g\u00eanero Verbos com concord\u00e2ncia de localiza\u00e7\u00e3o<\/p>\n","protected":false},"author":2,"featured_media":0,"parent":0,"menu_order":0,"comment_status":"closed","ping_status":"closed","template":"","meta":{"_mi_skip_tracking":false,"footnotes":""},"class_list":["post-1635","page","type-page","status-publish","hentry"],"_links":{"self":[{"href":"https:\/\/casgoiania.com.br\/index.php\/wp-json\/wp\/v2\/pages\/1635","targetHints":{"allow":["GET"]}}],"collection":[{"href":"https:\/\/casgoiania.com.br\/index.php\/wp-json\/wp\/v2\/pages"}],"about":[{"href":"https:\/\/casgoiania.com.br\/index.php\/wp-json\/wp\/v2\/types\/page"}],"author":[{"embeddable":true,"href":"https:\/\/casgoiania.com.br\/index.php\/wp-json\/wp\/v2\/users\/2"}],"replies":[{"embeddable":true,"href":"https:\/\/casgoiania.com.br\/index.php\/wp-json\/wp\/v2\/comments?post=1635"}],"version-history":[{"count":3,"href":"https:\/\/casgoiania.com.br\/index.php\/wp-json\/wp\/v2\/pages\/1635\/revisions"}],"predecessor-version":[{"id":2001,"href":"https:\/\/casgoiania.com.br\/index.php\/wp-json\/wp\/v2\/pages\/1635\/revisions\/2001"}],"wp:attachment":[{"href":"https:\/\/casgoiania.com.br\/index.php\/wp-json\/wp\/v2\/media?parent=1635"}],"curies":[{"name":"wp","href":"https:\/\/api.w.org\/{rel}","templated":true}]}}