{"id":150,"date":"2021-09-10T01:26:51","date_gmt":"2021-09-10T01:26:51","guid":{"rendered":"http:\/\/casgoiania.com.br\/?page_id=150"},"modified":"2026-02-27T22:16:47","modified_gmt":"2026-02-28T01:16:47","slug":"solicitacoes","status":"publish","type":"page","link":"https:\/\/casgoiania.com.br\/index.php\/solicitacoes\/","title":{"rendered":"SOLICITA\u00c7\u00d5ES"},"content":{"rendered":"\n<p><a href=\"https:\/\/forms.gle\/KZ74EYQPuiWPYBni6\" target=\"_blank\" rel=\"noreferrer noopener\">ENVIO DE ATESTADO M\u00c9DICO\/OUTRO DOCUMENTO (CURSISTAS)<\/a><\/p>\n\n\n\n<p><a href=\"https:\/\/forms.gle\/ngkUBZWgFy1auVCL9\" target=\"_blank\" rel=\"noreferrer noopener\">TRANCAMENTO<\/a><\/p>\n\n\n\n<p><a href=\"https:\/\/forms.gle\/nnWCDQehxbkxjnJKA\" target=\"_blank\" rel=\"noreferrer noopener\">REMANEJAMENTO DE TURMA<\/a><\/p>\n\n\n\n<p><a href=\"https:\/\/forms.gle\/n4GN2FECC1rQeTmv9\" target=\"_blank\" rel=\"noreferrer noopener\">DECLARA\u00c7\u00c3O DE FREQU\u00caNCIA (CURSISTAS)<\/a><\/p>\n\n\n\n<p><a href=\"https:\/\/forms.gle\/BkSdtQ6CQ6k6kLCGA\" target=\"_blank\" rel=\"noreferrer noopener\">DECLARA\u00c7\u00c3O DE FREQU\u00caNCIA (ATENDIMENTO ENSINO BIL\u00cdNGUE)<\/a><\/p>\n\n\n\n<p><\/p>\n","protected":false},"excerpt":{"rendered":"<p>ENVIO DE ATESTADO M\u00c9DICO\/OUTRO DOCUMENTO (CURSISTAS) TRANCAMENTO REMANEJAMENTO DE TURMA DECLARA\u00c7\u00c3O DE FREQU\u00caNCIA (CURSISTAS) DECLARA\u00c7\u00c3O DE FREQU\u00caNCIA (ATENDIMENTO ENSINO BIL\u00cdNGUE)<\/p>\n","protected":false},"author":2,"featured_media":0,"parent":0,"menu_order":0,"comment_status":"closed","ping_status":"closed","template":"","meta":{"_mi_skip_tracking":false,"footnotes":""},"class_list":["post-150","page","type-page","status-publish","hentry"],"_links":{"self":[{"href":"https:\/\/casgoiania.com.br\/index.php\/wp-json\/wp\/v2\/pages\/150","targetHints":{"allow":["GET"]}}],"collection":[{"href":"https:\/\/casgoiania.com.br\/index.php\/wp-json\/wp\/v2\/pages"}],"about":[{"href":"https:\/\/casgoiania.com.br\/index.php\/wp-json\/wp\/v2\/types\/page"}],"author":[{"embeddable":true,"href":"https:\/\/casgoiania.com.br\/index.php\/wp-json\/wp\/v2\/users\/2"}],"replies":[{"embeddable":true,"href":"https:\/\/casgoiania.com.br\/index.php\/wp-json\/wp\/v2\/comments?post=150"}],"version-history":[{"count":57,"href":"https:\/\/casgoiania.com.br\/index.php\/wp-json\/wp\/v2\/pages\/150\/revisions"}],"predecessor-version":[{"id":3181,"href":"https:\/\/casgoiania.com.br\/index.php\/wp-json\/wp\/v2\/pages\/150\/revisions\/3181"}],"wp:attachment":[{"href":"https:\/\/casgoiania.com.br\/index.php\/wp-json\/wp\/v2\/media?parent=150"}],"curies":[{"name":"wp","href":"https:\/\/api.w.org\/{rel}","templated":true}]}}