{"id":144,"date":"2021-09-10T01:26:19","date_gmt":"2021-09-10T01:26:19","guid":{"rendered":"http:\/\/casgoiania.com.br\/?page_id=144"},"modified":"2023-02-02T11:07:55","modified_gmt":"2023-02-02T14:07:55","slug":"cursos","status":"publish","type":"page","link":"https:\/\/casgoiania.com.br\/index.php\/cursos\/","title":{"rendered":"CURSOS OFERECIDOS PELO CAS"},"content":{"rendered":"\n<p><strong>LIBRAS I, II, III, IV e V<\/strong><\/p>\n\n\n\n<p><strong>B\u00c1SICO DE INTERPRETA\u00c7\u00c3O I, II e III<\/strong><\/p>\n\n\n\n<p><strong>ESTRAT\u00c9GIAS E METODOLOGIAS NO ENSINO DA L\u00cdNGUA PORTUGUESA PARA SURDOS<\/strong><\/p>\n\n\n\n<p><strong>PORTUGU\u00caS ESCRITO PARA SURDOS<\/strong><\/p>\n\n\n\n<p><strong>LIBRAS PARA DEFICIENTES AUDITIVOS<\/strong> <strong>(D.A.)<\/strong><\/p>\n\n\n\n<p><strong>LIBRAS PARA FAMILIARES DE SURDOS<\/strong><\/p>\n\n\n\n<p><strong>ATENDIMENTO EDUCACIONAL ESPECIALIZADO PARA SURDOS<\/strong><\/p>\n\n\n\n<p>Para mais informa\u00e7\u00f5es sobre tais cursos, entre em contato com o CAS Goi\u00e2nia atrav\u00e9s dos seguintes canais de comunica\u00e7\u00e3o:<br><\/p>\n\n\n\n<p>Fixo: <strong>62 3220-9937<\/strong><\/p>\n\n\n\n<p>WhatsApp: <strong>62 98122-9951<\/strong><\/p>\n\n\n\n<p>E-mail: casgoiania@seduc.go.gov.br <\/p>\n","protected":false},"excerpt":{"rendered":"<p>LIBRAS I, II, III, IV e V B\u00c1SICO DE INTERPRETA\u00c7\u00c3O I, II e III ESTRAT\u00c9GIAS E METODOLOGIAS NO ENSINO DA L\u00cdNGUA PORTUGUESA PARA SURDOS PORTUGU\u00caS ESCRITO PARA SURDOS LIBRAS PARA&hellip;<a href=\"https:\/\/casgoiania.com.br\/index.php\/cursos\/\" class=\"more-link\"><span class=\"more-button\">Clique para ler mais<span class=\"screen-reader-text\">CURSOS OFERECIDOS PELO CAS<\/span><\/span><\/a><\/p>\n","protected":false},"author":2,"featured_media":0,"parent":0,"menu_order":0,"comment_status":"closed","ping_status":"closed","template":"","meta":{"_mi_skip_tracking":false,"footnotes":""},"class_list":["post-144","page","type-page","status-publish","hentry"],"_links":{"self":[{"href":"https:\/\/casgoiania.com.br\/index.php\/wp-json\/wp\/v2\/pages\/144","targetHints":{"allow":["GET"]}}],"collection":[{"href":"https:\/\/casgoiania.com.br\/index.php\/wp-json\/wp\/v2\/pages"}],"about":[{"href":"https:\/\/casgoiania.com.br\/index.php\/wp-json\/wp\/v2\/types\/page"}],"author":[{"embeddable":true,"href":"https:\/\/casgoiania.com.br\/index.php\/wp-json\/wp\/v2\/users\/2"}],"replies":[{"embeddable":true,"href":"https:\/\/casgoiania.com.br\/index.php\/wp-json\/wp\/v2\/comments?post=144"}],"version-history":[{"count":11,"href":"https:\/\/casgoiania.com.br\/index.php\/wp-json\/wp\/v2\/pages\/144\/revisions"}],"predecessor-version":[{"id":1874,"href":"https:\/\/casgoiania.com.br\/index.php\/wp-json\/wp\/v2\/pages\/144\/revisions\/1874"}],"wp:attachment":[{"href":"https:\/\/casgoiania.com.br\/index.php\/wp-json\/wp\/v2\/media?parent=144"}],"curies":[{"name":"wp","href":"https:\/\/api.w.org\/{rel}","templated":true}]}}