{"id":1065,"date":"2021-12-02T14:28:13","date_gmt":"2021-12-02T17:28:13","guid":{"rendered":"http:\/\/casgoiania.com.br\/?page_id=1065"},"modified":"2026-03-19T14:24:32","modified_gmt":"2026-03-19T17:24:32","slug":"certificados-dos-cursos","status":"publish","type":"page","link":"https:\/\/casgoiania.com.br\/index.php\/certificados-dos-cursos\/","title":{"rendered":"CERTIFICADOS DOS CURSOS"},"content":{"rendered":"\n<p><\/p>\n\n\n<div class=\"wp-block-image is-resized\">\n<figure class=\"aligncenter size-full\"><a class=\"wp-block-hyperlink-group\" href=\"http:\/\/ead.educacao.go.gov.br\"><img loading=\"lazy\" decoding=\"async\" width=\"512\" height=\"512\" src=\"http:\/\/casgoiania.com.br\/wp-content\/uploads\/2021\/12\/certificate-diploma.png\" alt=\"\" class=\"wp-image-1074\" style=\"width:72px;height:auto\" srcset=\"https:\/\/casgoiania.com.br\/wp-content\/uploads\/2021\/12\/certificate-diploma.png 512w, https:\/\/casgoiania.com.br\/wp-content\/uploads\/2021\/12\/certificate-diploma-300x300.png 300w, https:\/\/casgoiania.com.br\/wp-content\/uploads\/2021\/12\/certificate-diploma-150x150.png 150w, https:\/\/casgoiania.com.br\/wp-content\/uploads\/2021\/12\/certificate-diploma-400x400.png 400w\" sizes=\"auto, (max-width: 512px) 100vw, 512px\" \/><\/a><\/figure>\n<\/div>\n\n\n<h1 class=\"wp-block-heading has-text-align-center\"><strong>ATEN\u00c7\u00c3O, CURSISTAS<\/strong>:<\/h1>\n\n\n\n<p><\/p>\n\n\n\n<p>\u00a0\u00a0\u00a0\u00a0 Informamos que os certificados de\u00a0<strong>2006 a 2011<\/strong>\u00a0est\u00e3o impressos na secretaria do CAS (agora NAS). Informamos tamb\u00e9m que os certificados dos cursos realizados no CAS (agora NAS) entre os anos\u00a0<strong>2012 e 2025<\/strong>\u00a0est\u00e3o dispon\u00edveis\u00a0<em>on-line\u00a0<\/em>no site:\u00a0<a href=\"https:\/\/eadcertificados.educacao.go.gov.br\/login\/index.php\">https:\/\/eadcertificados.educacao.go.gov.br\/login\/index.php<\/a><br>\u00a0Para imprimir o seu certificado, clique nos\u00a0<em>links\u00a0<\/em>abaixo (de acordo com o seu curso\/exame e per\u00edodo) para acessar as instru\u00e7\u00f5es (passo a passo).<\/p>\n\n\n\n<p>\u00a0\u00a0\u00a0\u00a0\u00a0Segue o passo a passo abaixo e observe que a\u00a0senha ser\u00e1 o <mark style=\"background-color:rgba(0, 0, 0, 0);color:#f41317\" class=\"has-inline-color\">n\u00famero do SEU CPF sem tra\u00e7o, nem pontos<\/mark> ou a palavra<mark style=\"background-color:rgba(0, 0, 0, 0);color:#f21216\" class=\"has-inline-color\">\u00a0mudarsenha<\/mark>.<\/p>\n\n\n\n<ul class=\"wp-block-list\">\n<li>1. Acesse&nbsp;o link:&nbsp;<a href=\"https:\/\/eadcertificados.educacao.go.gov.br\" target=\"_blank\" rel=\"noreferrer noopener\">https:\/\/eadcertificados.educacao.go.gov.br<\/a>;<\/li>\n\n\n\n<li>2. Em&nbsp;<em><strong>identifica\u00e7\u00e3o de usu\u00e1rio<\/strong><\/em>&nbsp;escreva o seu CPF (sem pontos e tra\u00e7o);<\/li>\n\n\n\n<li>3. Em&nbsp;<em><strong>senha&nbsp;<\/strong><\/em>escreva tamb\u00e9m o seu CPF (sem pontos e tra\u00e7o) ou a palavra<mark style=\"background-color:rgba(0, 0, 0, 0);color:#f21216\" class=\"has-inline-color\">&nbsp;mudarsenha<\/mark>;<\/li>\n\n\n\n<li>4. Clique em \u201c<strong><em>Acessar<\/em><\/strong>\u201d;<\/li>\n\n\n\n<li>5. <mark style=\"background-color:rgba(0, 0, 0, 0);color:#f11115\" class=\"has-inline-color\">Ap\u00f3s clicar em \u201cacessar\u201d,&nbsp;caso apare\u00e7a a mensagem de erro em vermelho, entre em contato com o CAS<\/mark>;<br><strong>Whatsapp:<\/strong> (62) 98122-9951<br><strong>Email*:<\/strong> casgoiania@seduc.go.gov.br<br>*No&nbsp;<em>e-mail<\/em>&nbsp;deve constar o nome completo, CPF, o nome do curso e o ano que concluiu e o n\u00famero do celular e&nbsp;<em>WhatsApp<\/em>.<\/li>\n\n\n\n<li>6. Ao entrar no perfil do cursista, no lado esquerdo ver\u00e1 um painel escrito <em>&#8220;Meus cursos&#8221; <\/em>e, logo abaixo, o(s) curso(s) inscrito(s) em seu CPF;<\/li>\n\n\n\n<li>7. No painel &#8220;Resumo do cursos&#8221;, escolha a op\u00e7\u00e3o <strong>&#8220;Todos (exceto removidos da visualiza\u00e7\u00e3o)&#8221;<\/strong> para visualizar todos os cursos feitos no CAS, conforme imagem abaixo.<\/li>\n<\/ul>\n\n\n\n<figure data-wp-context=\"{&quot;imageId&quot;:&quot;69eac5d7e7ab4&quot;}\" data-wp-interactive=\"core\/image\" data-wp-key=\"69eac5d7e7ab4\" class=\"wp-block-image size-full is-resized wp-lightbox-container\"><img loading=\"lazy\" decoding=\"async\" width=\"1919\" height=\"950\" data-wp-class--hide=\"state.isContentHidden\" data-wp-class--show=\"state.isContentVisible\" data-wp-init=\"callbacks.setButtonStyles\" data-wp-on--click=\"actions.showLightbox\" data-wp-on--load=\"callbacks.setButtonStyles\" data-wp-on-window--resize=\"callbacks.setButtonStyles\" src=\"https:\/\/casgoiania.com.br\/wp-content\/uploads\/2024\/01\/Visualizacao-Certificados-CEPFOR.png\" alt=\"\" class=\"wp-image-2344\" style=\"width:1070px;height:auto\" srcset=\"https:\/\/casgoiania.com.br\/wp-content\/uploads\/2024\/01\/Visualizacao-Certificados-CEPFOR.png 1919w, https:\/\/casgoiania.com.br\/wp-content\/uploads\/2024\/01\/Visualizacao-Certificados-CEPFOR-300x149.png 300w, https:\/\/casgoiania.com.br\/wp-content\/uploads\/2024\/01\/Visualizacao-Certificados-CEPFOR-1024x507.png 1024w, https:\/\/casgoiania.com.br\/wp-content\/uploads\/2024\/01\/Visualizacao-Certificados-CEPFOR-768x380.png 768w, https:\/\/casgoiania.com.br\/wp-content\/uploads\/2024\/01\/Visualizacao-Certificados-CEPFOR-1536x760.png 1536w, https:\/\/casgoiania.com.br\/wp-content\/uploads\/2024\/01\/Visualizacao-Certificados-CEPFOR-825x408.png 825w, https:\/\/casgoiania.com.br\/wp-content\/uploads\/2024\/01\/Visualizacao-Certificados-CEPFOR-600x297.png 600w, https:\/\/casgoiania.com.br\/wp-content\/uploads\/2024\/01\/Visualizacao-Certificados-CEPFOR-400x198.png 400w\" sizes=\"auto, (max-width: 1919px) 100vw, 1919px\" \/><button\n\t\t\tclass=\"lightbox-trigger\"\n\t\t\ttype=\"button\"\n\t\t\taria-haspopup=\"dialog\"\n\t\t\taria-label=\"Ampliar\"\n\t\t\tdata-wp-init=\"callbacks.initTriggerButton\"\n\t\t\tdata-wp-on--click=\"actions.showLightbox\"\n\t\t\tdata-wp-style--right=\"state.imageButtonRight\"\n\t\t\tdata-wp-style--top=\"state.imageButtonTop\"\n\t\t>\n\t\t\t<svg xmlns=\"http:\/\/www.w3.org\/2000\/svg\" width=\"12\" height=\"12\" fill=\"none\" viewBox=\"0 0 12 12\">\n\t\t\t\t<path fill=\"#fff\" d=\"M2 0a2 2 0 0 0-2 2v2h1.5V2a.5.5 0 0 1 .5-.5h2V0H2Zm2 10.5H2a.5.5 0 0 1-.5-.5V8H0v2a2 2 0 0 0 2 2h2v-1.5ZM8 12v-1.5h2a.5.5 0 0 0 .5-.5V8H12v2a2 2 0 0 1-2 2H8Zm2-12a2 2 0 0 1 2 2v2h-1.5V2a.5.5 0 0 0-.5-.5H8V0h2Z\" \/>\n\t\t\t<\/svg>\n\t\t<\/button><\/figure>\n\n\n\n<div class=\"wp-block-group\"><div class=\"wp-block-group__inner-container is-layout-constrained wp-block-group-is-layout-constrained\">\n<ul class=\"wp-block-list\">\n<li>8. Clique no nome do curso, n\u00edvel e semestre;<\/li>\n\n\n\n<li>9. No campo <em>\u201cEMISS\u00c3O DE CERTIFICADO\u201d<\/em>, clique em &#8220;<em>CERTIFICADO&#8221;<\/em>;<\/li>\n\n\n\n<li>10. Clique em&nbsp;<strong>&#8220;OBTER CERTIFICADO&#8221;<\/strong> (ou <em>\u201cImprimir meu certificado\u201d<\/em>). Uma tela de visualiza\u00e7\u00e3o do certificado ser\u00e1 aberta. Confira os dados, clique em salvar (Ctrl+B). Baixe o arquivo em formato PDF;<\/li>\n\n\n\n<li>11. Ap\u00f3s o <em>download<\/em>, poder\u00e1 imprimir seu certificado (frente e verso).<\/li>\n<\/ul>\n<\/div><\/div>\n\n\n\n<p><\/p>\n","protected":false},"excerpt":{"rendered":"<p>ATEN\u00c7\u00c3O, CURSISTAS: \u00a0\u00a0\u00a0\u00a0 Informamos que os certificados de\u00a02006 a 2011\u00a0est\u00e3o impressos na secretaria do CAS (agora NAS). Informamos tamb\u00e9m que os certificados dos cursos realizados no CAS (agora NAS) entre&hellip;<a href=\"https:\/\/casgoiania.com.br\/index.php\/certificados-dos-cursos\/\" class=\"more-link\"><span class=\"more-button\">Clique para ler mais<span class=\"screen-reader-text\">CERTIFICADOS DOS CURSOS<\/span><\/span><\/a><\/p>\n","protected":false},"author":2,"featured_media":0,"parent":0,"menu_order":0,"comment_status":"closed","ping_status":"closed","template":"","meta":{"_mi_skip_tracking":false,"footnotes":""},"class_list":["post-1065","page","type-page","status-publish","hentry"],"_links":{"self":[{"href":"https:\/\/casgoiania.com.br\/index.php\/wp-json\/wp\/v2\/pages\/1065","targetHints":{"allow":["GET"]}}],"collection":[{"href":"https:\/\/casgoiania.com.br\/index.php\/wp-json\/wp\/v2\/pages"}],"about":[{"href":"https:\/\/casgoiania.com.br\/index.php\/wp-json\/wp\/v2\/types\/page"}],"author":[{"embeddable":true,"href":"https:\/\/casgoiania.com.br\/index.php\/wp-json\/wp\/v2\/users\/2"}],"replies":[{"embeddable":true,"href":"https:\/\/casgoiania.com.br\/index.php\/wp-json\/wp\/v2\/comments?post=1065"}],"version-history":[{"count":66,"href":"https:\/\/casgoiania.com.br\/index.php\/wp-json\/wp\/v2\/pages\/1065\/revisions"}],"predecessor-version":[{"id":3183,"href":"https:\/\/casgoiania.com.br\/index.php\/wp-json\/wp\/v2\/pages\/1065\/revisions\/3183"}],"wp:attachment":[{"href":"https:\/\/casgoiania.com.br\/index.php\/wp-json\/wp\/v2\/media?parent=1065"}],"curies":[{"name":"wp","href":"https:\/\/api.w.org\/{rel}","templated":true}]}}